{"id":998,"date":"2022-07-11T09:10:38","date_gmt":"2022-07-11T08:10:38","guid":{"rendered":"https:\/\/rainergy.eu\/politica-de-cookies\/"},"modified":"2022-10-05T14:27:29","modified_gmt":"2022-10-05T13:27:29","slug":"politica-de-cookies","status":"publish","type":"page","link":"https:\/\/rainergy.eu\/es\/politica-de-cookies\/","title":{"rendered":"Pol\u00edtica de cookies"},"content":{"rendered":"\t\t<div data-elementor-type=\"wp-page\" data-elementor-id=\"998\" class=\"elementor elementor-998 elementor-67\" data-elementor-post-type=\"page\">\n\t\t\t\t\t\t<section class=\"elementor-section elementor-top-section elementor-element elementor-element-70330b1 elementor-section-boxed elementor-section-height-default elementor-section-height-default\" data-id=\"70330b1\" data-element_type=\"section\" data-e-type=\"section\">\n\t\t\t\t\t\t<div class=\"elementor-container elementor-column-gap-default\">\n\t\t\t\t\t<div class=\"elementor-column elementor-col-100 elementor-top-column elementor-element elementor-element-aefb0af\" data-id=\"aefb0af\" data-element_type=\"column\" data-e-type=\"column\">\n\t\t\t<div class=\"elementor-widget-wrap\">\n\t\t\t\t\t\t\t<\/div>\n\t\t<\/div>\n\t\t\t\t\t<\/div>\n\t\t<\/section>\n\t\t\t\t<section class=\"elementor-section elementor-top-section elementor-element elementor-element-0739a0c elementor-section-boxed elementor-section-height-default elementor-section-height-default\" data-id=\"0739a0c\" data-element_type=\"section\" data-e-type=\"section\">\n\t\t\t\t\t\t<div class=\"elementor-container elementor-column-gap-default\">\n\t\t\t\t\t<div class=\"elementor-column elementor-col-100 elementor-top-column elementor-element elementor-element-46e08d1\" data-id=\"46e08d1\" data-element_type=\"column\" data-e-type=\"column\">\n\t\t\t<div class=\"elementor-widget-wrap\">\n\t\t\t\t\t\t\t<\/div>\n\t\t<\/div>\n\t\t\t\t\t<\/div>\n\t\t<\/section>\n\t\t\t\t<section class=\"elementor-section elementor-top-section elementor-element elementor-element-428a607 elementor-section-boxed elementor-section-height-default elementor-section-height-default\" data-id=\"428a607\" data-element_type=\"section\" data-e-type=\"section\">\n\t\t\t\t\t\t<div class=\"elementor-container elementor-column-gap-default\">\n\t\t\t\t\t<div class=\"elementor-column elementor-col-100 elementor-top-column elementor-element elementor-element-d1f64b5\" data-id=\"d1f64b5\" data-element_type=\"column\" data-e-type=\"column\">\n\t\t\t<div class=\"elementor-widget-wrap elementor-element-populated\">\n\t\t\t\t\t\t<div class=\"elementor-element elementor-element-c87e86b elementor-widget elementor-widget-heading\" data-id=\"c87e86b\" data-element_type=\"widget\" data-e-type=\"widget\" data-widget_type=\"heading.default\">\n\t\t\t\t<div class=\"elementor-widget-container\">\n\t\t\t\t\t<h2 class=\"elementor-heading-title elementor-size-default\">Pol\u00edtica de cookies<\/h2>\t\t\t\t<\/div>\n\t\t\t\t<\/div>\n\t\t\t\t<div class=\"elementor-element elementor-element-64cb22f elementor-widget-divider--view-line elementor-widget elementor-widget-divider\" data-id=\"64cb22f\" data-element_type=\"widget\" data-e-type=\"widget\" data-widget_type=\"divider.default\">\n\t\t\t\t<div class=\"elementor-widget-container\">\n\t\t\t\t\t\t\t<div class=\"elementor-divider\">\n\t\t\t<span class=\"elementor-divider-separator\">\n\t\t\t\t\t\t<\/span>\n\t\t<\/div>\n\t\t\t\t\t\t<\/div>\n\t\t\t\t<\/div>\n\t\t\t\t\t<\/div>\n\t\t<\/div>\n\t\t\t\t\t<\/div>\n\t\t<\/section>\n\t\t\t\t<section class=\"elementor-section elementor-top-section elementor-element elementor-element-14c32bc elementor-section-boxed elementor-section-height-default elementor-section-height-default\" data-id=\"14c32bc\" data-element_type=\"section\" data-e-type=\"section\">\n\t\t\t\t\t\t<div class=\"elementor-container elementor-column-gap-default\">\n\t\t\t\t\t<div class=\"elementor-column elementor-col-100 elementor-top-column elementor-element elementor-element-caf8889\" data-id=\"caf8889\" data-element_type=\"column\" data-e-type=\"column\">\n\t\t\t<div class=\"elementor-widget-wrap elementor-element-populated\">\n\t\t\t\t\t\t<div class=\"elementor-element elementor-element-2f6953e elementor-widget elementor-widget-text-editor\" data-id=\"2f6953e\" data-element_type=\"widget\" data-e-type=\"widget\" data-widget_type=\"text-editor.default\">\n\t\t\t\t<div class=\"elementor-widget-container\">\n\t\t\t\t\t\t\t\t\t<p>Te informamos que esta p\u00e1gina web utiliza cookies con el objetivo de facilitar tu navegaci\u00f3n a trav\u00e9s del Sitio Web, distinguirte de otros usuarios, proporcionarte una mejor experiencia en el uso del mismo, e identificar problemas para mejorar nuestro Sitio Web. Asimismo, en caso de que prestes tu consentimiento, utilizaremos cookies que nos permitan obtener m\u00e1s informaci\u00f3n acerca de tus preferencias y personalizar nuestro Sitio Web de conformidad con tus intereses individuales.<\/p><h3><b>\u00bfQu\u00e9\u00a0\u00a0son\u00a0\u00a0las\u00a0\u00a0cookies?<\/b><\/h3><p>Las cookies son unos archivos que se instalan en el equipo desde el que accedes a nuestra web con las finalidades que se describen en esta p\u00e1gina.<\/p><h3><strong>Tipos de Cookies:\u00a0<\/strong><\/h3><p>Seg\u00fan quien sea la entidad que gestione el dominio desde donde se env\u00edan las cookies y trate los datos que se obtengan se pueden distinguir dos tipos:<\/p><p>\u2022 Cookies propias: aqu\u00e9llas que se env\u00edan al equipo terminal del usuario desde un equipo o dominio gestionado<br \/>por el propio editor y desde el que se presta el servicio solicitado por el usuario.<\/p><p>\u2022 Cookies de terceros: aqu\u00e9llas que se env\u00edan al equipo terminal del usuario desde un equipo o dominio que no es<br \/>gestionado por el editor, sino por otra entidad que trata los datos obtenidos trav\u00e9s de las cookies.<\/p><p>En el caso de que las cookies sean instaladas desde un equipo o dominio gestionado por el propio editor pero la informaci\u00f3n que se<br \/>recoja mediante \u00e9stas sea gestionada por un tercero, no pueden ser consideradas como cookies propias.<\/p><p>Existe tambi\u00e9n una segunda clasificaci\u00f3n seg\u00fan el plazo de tiempo que permanecen almacenadas en el navegador del cliente,<br \/>pudiendo tratarse de:<\/p><p>\u2022 Cookies de sesi\u00f3n: dise\u00f1adas para recabar y almacenar datos mientras el usuario accede a una p\u00e1gina web. Se<br \/>suelen emplear para almacenar informaci\u00f3n que solo interesa conservar para la prestaci\u00f3n del servicio<br \/>solicitado por el usuario en una sola ocasi\u00f3n (p.e. una lista de productos adquiridos).<\/p><p>\u2022 Cookies persistentes: los datos siguen almacenados en el terminal y pueden ser accedidos y tratados durante un periodo definido por el responsable de la cookie, y que puede ir de unos minutos a varios a\u00f1os.<\/p><p>Por \u00faltimo, existe otra clasificaci\u00f3n con cinco tipos de cookies seg\u00fan la finalidad para la que se traten los datos obtenidos:<\/p><p>\u2022 Cookies t\u00e9cnicas: aquellas que permiten al usuario la navegaci\u00f3n a trav\u00e9s de una p\u00e1gina web,<br \/>plataforma o aplicaci\u00f3n y la utilizaci\u00f3n de las diferentes opciones o servicios que en ella existan como, por<br \/>ejemplo, controlar el tr\u00e1fico y la comunicaci\u00f3n de datos, identificar la sesi\u00f3n, acceder a partes de acceso<br \/>restringido, recordar los elementos que integran un pedido, realizar el proceso de compra de un pedido, realizar<\/p><p>la solicitud de inscripci\u00f3n o participaci\u00f3n en un evento, utilizar elementos de seguridad durante la navegaci\u00f3n,<br \/>almacenar contenidos para la difusi\u00f3n de v\u00eddeos o sonido o compartir contenidos a trav\u00e9s de redes sociales.<\/p><p>\u2022 Cookies de personalizaci\u00f3n: permiten al usuario acceder al servicio con algunas caracter\u00edsticas de car\u00e1cter<br \/>general predefinidas en funci\u00f3n de una serie de criterios en el terminal del usuario como por ejemplo serian el<br \/>idioma, el tipo de navegador a trav\u00e9s del cual accede al servicio, la configuraci\u00f3n regional desde donde accede al<br \/>servicio, etc.<\/p><p>\u2022 Cookies de an\u00e1lisis: permiten al responsable de las mismas, el seguimiento y an\u00e1lisis del comportamiento de los<br \/>usuarios de los sitios web a los que est\u00e1n vinculadas. La informaci\u00f3n recogida mediante este tipo de cookies se<br \/>utiliza en la medici\u00f3n de la actividad de los sitios web, aplicaci\u00f3n o plataforma y para la elaboraci\u00f3n de perfiles<br \/>de navegaci\u00f3n de los usuarios de dichos sitios, aplicaciones y plataformas, con el fin de introducir mejoras en<br \/>funci\u00f3n del an\u00e1lisis de los datos de uso que hacen los usuarios del servicio.<\/p><p>\u2022 Cookies publicitarias: permiten la gesti\u00f3n, de la forma m\u00e1s eficaz posible, de los espacios publicitarios.<\/p><p>\u2022 Cookies de publicidad comportamental: almacenan informaci\u00f3n del comportamiento de los usuarios obtenida a<br \/>trav\u00e9s de la observaci\u00f3n continuada de sus h\u00e1bitos de navegaci\u00f3n, lo que permite desarrollar un perfil espec\u00edfico<br \/>para mostrar publicidad en funci\u00f3n del mismo.<\/p><p>\u2022 Cookies de redes sociales externas: se utilizan para que los visitantes puedan interactuar con el contenido de<br \/>diferentes plataformas sociales (facebook, youtube, twitter, linkedIn, etc..) y que se generen \u00fanicamente para<br \/>los usuarios de dichas redes sociales. Las condiciones de utilizaci\u00f3n de estas cookies y la informaci\u00f3n recopilada<br \/>se regula por la pol\u00edtica de privacidad de la plataforma social correspondiente.<\/p><h3><strong>Cookies utilizadas en esta P\u00e1gina:\u00a0<\/strong><\/h3><div id=\"page\" class=\"site grid-container container hfeed\"><div id=\"content\" class=\"site-content\"><div class=\"elementor elementor-2125\" data-elementor-type=\"wp-page\" data-elementor-id=\"2125\"><section class=\"elementor-section elementor-top-section elementor-element elementor-element-462d0dcf elementor-section-boxed elementor-section-height-default elementor-section-height-default\" data-id=\"462d0dcf\" data-element_type=\"section\"><div class=\"elementor-container elementor-column-gap-default\"><div class=\"elementor-column elementor-col-100 elementor-top-column elementor-element elementor-element-7bac4734\" data-id=\"7bac4734\" data-element_type=\"column\"><div class=\"elementor-widget-wrap elementor-element-populated\"><div class=\"elementor-element elementor-element-7c64b00f elementor-widget elementor-widget-text-editor\" data-id=\"7c64b00f\" data-element_type=\"widget\" data-widget_type=\"text-editor.default\"><div class=\"elementor-widget-container\"><div class=\"elementor-element elementor-element-6650647 elementor-widget elementor-widget-text-editor\" data-id=\"6650647\" data-element_type=\"widget\" data-widget_type=\"text-editor.default\"><div class=\"elementor-widget-container\"><div class=\"elementor-text-editor elementor-clearfix\"><p><strong>COOKIES T\u00c9CNICAS:<\/strong><\/p><ul><li class=\"li1\"><span class=\"s2\"><strong>wp-settings-1 \/ wp-settings-time-1:<\/strong>\u00a0Cookies de sesi\u00f3n. Utilizada por WordPress para guardar las preferencias sobre cookies Duraci\u00f3n: Hasta finalizar sesi\u00f3n<\/span><\/li><li class=\"li1\"><span class=\"s2\"><strong>wordpress_test_cookie<\/strong>: Cookies de sesi\u00f3n. Esta cookie se usa para que el gestor de contenidos WordPress compruebe si el navegador tiene las cookies activadas. Hasta finalizar sesi\u00f3n<\/span><\/li><li class=\"li1\"><span class=\"s2\"><strong>moove_gdpr_popup<\/strong>: Cookie de sesi\u00f3n: Esta cookie guarda tu configuraci\u00f3n de cookies. Hasta finalizar sesi\u00f3n<\/span><\/li><li class=\"li1\"><span class=\"s2\"><strong>wordpress_sec<\/strong>: Cookie funcional.Utilizada por WordPress para mantener la sesi\u00f3n para un usuario registrado. Hasta finalizar sesi\u00f3n.\u00a0<\/span><span class=\"s2\">Para m\u00e1s informaci\u00f3n, consulte la p\u00e1gina de Cookies de WordPress: https:\/\/es.wordpress.org\/about\/privacy\/cookies\/\u00a0<\/span><\/li><\/ul><p><strong>COOKIES DE TERCEROS<\/strong><\/p><p><strong>*Cookies de terceros (Google)<\/strong><\/p><ul><li>Secure-HSID (duraci\u00f3n: 2 meses)<\/li><li>Secure-SSID (duraci\u00f3n: 2 meses)<\/li><li>Secure-APSID (duraci\u00f3n: 2 meses)<\/li><li>SIDCC (duraci\u00f3n: 1 a\u00f1o),<\/li><li>LOGIN_INFO(duraci\u00f3n: 2 a\u00f1os)<\/li><li>HSID,SSID, APISID, SAPISID (duraci\u00f3n: 2 a\u00f1os).<\/li><li>_Secure3PAPISID (duraci\u00f3n: 2 a\u00f1os)<\/li><\/ul><p><strong>*Cookies anal\u00edticas<\/strong><\/p><ul><li><p>_<strong>ga,_gat, _gat_gtag, _gid, _dc_gtm_UA: Google Analytics.<\/strong>\u00a0Sirven para analizar la experiencia de navegaci\u00f3n del usuario, y permitirnos mejorar nuestra Web para adaptarnos a tus necesidades. Duraci\u00f3n:_ga: 2 a\u00f1os;_gat, _dc_gtm_UA: duraci\u00f3n de la sesi\u00f3n;_gid: 1 d\u00eda<\/p><\/li><\/ul><p>Esta informaci\u00f3n la utilizamos para mejorar nuestra p\u00e1gina, detectar nuevas necesidades y valorar las mejoras a introducir con la finalidad de prestar un mejor servicio a los usuarios que nos visitan.<\/p><p><strong>Para permitir, conocer, bloquear o eliminar las cookies instaladas en tu equipo\u00a0<\/strong>puedes hacerlo mediante la configuraci\u00f3n de las opciones del navegador instalado en su ordenador.<\/p><p>Por ejemplo puedes encontrar informaci\u00f3n sobre c\u00f3mo hacerlo en el caso que uses como navegador:<\/p><ul><li>Firefox desde\u00a0<a href=\"https:\/\/support.mozilla.org\/es\/kb\/Borrar%20cookies\" target=\"_blank\" rel=\"noopener\">aqu\u00ed<\/a>.<\/li><li>Chrome desde\u00a0<a href=\"https:\/\/support.google.com\/chrome\/answer\/95582\" target=\"_blank\" rel=\"noopener\">aqu\u00ed<\/a>.<\/li><li>Explorer desde\u00a0<a href=\"http:\/\/windows.microsoft.com\/es-es\/windows7\/how-to-manage-cookies-in-internet-explorer-9\" target=\"_blank\" rel=\"noopener\">aqu\u00ed<\/a>.<\/li><li>Safari desde\u00a0<a href=\"http:\/\/support.apple.com\/kb\/ph5042\" target=\"_blank\" rel=\"noopener\">aqu\u00ed<\/a>.<\/li><li>Opera desde\u00a0<a href=\"http:\/\/help.opera.com\/Windows\/11.50\/es-ES\/cookies.html\" target=\"_blank\" rel=\"noopener\">aqu\u00ed<\/a>.<\/li><\/ul><\/div><\/div><\/div><\/div><\/div><\/div><\/div><\/div><\/section><\/div><\/div><\/div>\t\t\t\t\t\t\t\t<\/div>\n\t\t\t\t<\/div>\n\t\t\t\t\t<\/div>\n\t\t<\/div>\n\t\t\t\t\t<\/div>\n\t\t<\/section>\n\t\t\t\t<\/div>\n\t\t","protected":false},"excerpt":{"rendered":"<p>Pol\u00edtica de cookies Te informamos que esta p\u00e1gina web utiliza cookies con el objetivo de facilitar tu navegaci\u00f3n a trav\u00e9s del Sitio Web, distinguirte de otros usuarios, proporcionarte una mejor experiencia en el uso del mismo, e identificar problemas para mejorar nuestro Sitio Web. Asimismo, en caso de que prestes tu consentimiento, utilizaremos cookies que &#8230; <a title=\"Pol\u00edtica de cookies\" class=\"read-more\" href=\"https:\/\/rainergy.eu\/es\/politica-de-cookies\/\" aria-label=\"Leer m\u00e1s sobre Pol\u00edtica de cookies\">Leer m\u00e1s<\/a><\/p>\n","protected":false},"author":1,"featured_media":0,"parent":0,"menu_order":0,"comment_status":"closed","ping_status":"closed","template":"elementor_header_footer","meta":{"footnotes":""},"class_list":["post-998","page","type-page","status-publish"],"acf":[],"yoast_head":"<!-- This site is optimized with the Yoast SEO plugin v27.3 - https:\/\/yoast.com\/product\/yoast-seo-wordpress\/ -->\n<title>Pol\u00edtica de cookies - Rainergy<\/title>\n<meta name=\"robots\" content=\"noindex, follow\" \/>\n<meta property=\"og:locale\" content=\"es_ES\" \/>\n<meta property=\"og:type\" content=\"article\" \/>\n<meta property=\"og:title\" content=\"Pol\u00edtica de cookies - Rainergy\" \/>\n<meta property=\"og:description\" content=\"Pol\u00edtica de cookies Te informamos que esta p\u00e1gina web utiliza cookies con el objetivo de facilitar tu navegaci\u00f3n a trav\u00e9s del Sitio Web, distinguirte de otros usuarios, proporcionarte una mejor experiencia en el uso del mismo, e identificar problemas para mejorar nuestro Sitio Web. Asimismo, en caso de que prestes tu consentimiento, utilizaremos cookies que ... Leer m\u00e1s\" \/>\n<meta property=\"og:url\" content=\"https:\/\/rainergy.eu\/es\/politica-de-cookies\/\" \/>\n<meta property=\"og:site_name\" content=\"Rainergy\" \/>\n<meta property=\"article:modified_time\" content=\"2022-10-05T13:27:29+00:00\" \/>\n<meta name=\"twitter:card\" content=\"summary_large_image\" \/>\n<meta name=\"twitter:label1\" content=\"Tiempo de lectura\" \/>\n\t<meta name=\"twitter:data1\" content=\"5 minutos\" \/>\n<script type=\"application\/ld+json\" class=\"yoast-schema-graph\">{\"@context\":\"https:\\\/\\\/schema.org\",\"@graph\":[{\"@type\":\"WebPage\",\"@id\":\"https:\\\/\\\/rainergy.eu\\\/es\\\/politica-de-cookies\\\/\",\"url\":\"https:\\\/\\\/rainergy.eu\\\/es\\\/politica-de-cookies\\\/\",\"name\":\"Pol\u00edtica de cookies - Rainergy\",\"isPartOf\":{\"@id\":\"https:\\\/\\\/rainergy.eu\\\/es\\\/#website\"},\"datePublished\":\"2022-07-11T08:10:38+00:00\",\"dateModified\":\"2022-10-05T13:27:29+00:00\",\"breadcrumb\":{\"@id\":\"https:\\\/\\\/rainergy.eu\\\/es\\\/politica-de-cookies\\\/#breadcrumb\"},\"inLanguage\":\"es\",\"potentialAction\":[{\"@type\":\"ReadAction\",\"target\":[\"https:\\\/\\\/rainergy.eu\\\/es\\\/politica-de-cookies\\\/\"]}]},{\"@type\":\"BreadcrumbList\",\"@id\":\"https:\\\/\\\/rainergy.eu\\\/es\\\/politica-de-cookies\\\/#breadcrumb\",\"itemListElement\":[{\"@type\":\"ListItem\",\"position\":1,\"name\":\"Portada\",\"item\":\"https:\\\/\\\/rainergy.eu\\\/es\\\/\"},{\"@type\":\"ListItem\",\"position\":2,\"name\":\"Pol\u00edtica de cookies\"}]},{\"@type\":\"WebSite\",\"@id\":\"https:\\\/\\\/rainergy.eu\\\/es\\\/#website\",\"url\":\"https:\\\/\\\/rainergy.eu\\\/es\\\/\",\"name\":\"Rainergy\",\"description\":\"\",\"publisher\":{\"@id\":\"https:\\\/\\\/rainergy.eu\\\/es\\\/#organization\"},\"potentialAction\":[{\"@type\":\"SearchAction\",\"target\":{\"@type\":\"EntryPoint\",\"urlTemplate\":\"https:\\\/\\\/rainergy.eu\\\/es\\\/?s={search_term_string}\"},\"query-input\":{\"@type\":\"PropertyValueSpecification\",\"valueRequired\":true,\"valueName\":\"search_term_string\"}}],\"inLanguage\":\"es\"},{\"@type\":\"Organization\",\"@id\":\"https:\\\/\\\/rainergy.eu\\\/es\\\/#organization\",\"name\":\"Rainergy\",\"url\":\"https:\\\/\\\/rainergy.eu\\\/es\\\/\",\"logo\":{\"@type\":\"ImageObject\",\"inLanguage\":\"es\",\"@id\":\"https:\\\/\\\/rainergy.eu\\\/es\\\/#\\\/schema\\\/logo\\\/image\\\/\",\"url\":\"https:\\\/\\\/rainergy.eu\\\/wp-content\\\/uploads\\\/logo-rainergy-e1653316871437.png\",\"contentUrl\":\"https:\\\/\\\/rainergy.eu\\\/wp-content\\\/uploads\\\/logo-rainergy-e1653316871437.png\",\"width\":522,\"height\":138,\"caption\":\"Rainergy\"},\"image\":{\"@id\":\"https:\\\/\\\/rainergy.eu\\\/es\\\/#\\\/schema\\\/logo\\\/image\\\/\"}}]}<\/script>\n<!-- \/ Yoast SEO plugin. -->","yoast_head_json":{"title":"Pol\u00edtica de cookies - Rainergy","robots":{"index":"noindex","follow":"follow"},"og_locale":"es_ES","og_type":"article","og_title":"Pol\u00edtica de cookies - Rainergy","og_description":"Pol\u00edtica de cookies Te informamos que esta p\u00e1gina web utiliza cookies con el objetivo de facilitar tu navegaci\u00f3n a trav\u00e9s del Sitio Web, distinguirte de otros usuarios, proporcionarte una mejor experiencia en el uso del mismo, e identificar problemas para mejorar nuestro Sitio Web. Asimismo, en caso de que prestes tu consentimiento, utilizaremos cookies que ... Leer m\u00e1s","og_url":"https:\/\/rainergy.eu\/es\/politica-de-cookies\/","og_site_name":"Rainergy","article_modified_time":"2022-10-05T13:27:29+00:00","twitter_card":"summary_large_image","twitter_misc":{"Tiempo de lectura":"5 minutos"},"schema":{"@context":"https:\/\/schema.org","@graph":[{"@type":"WebPage","@id":"https:\/\/rainergy.eu\/es\/politica-de-cookies\/","url":"https:\/\/rainergy.eu\/es\/politica-de-cookies\/","name":"Pol\u00edtica de cookies - Rainergy","isPartOf":{"@id":"https:\/\/rainergy.eu\/es\/#website"},"datePublished":"2022-07-11T08:10:38+00:00","dateModified":"2022-10-05T13:27:29+00:00","breadcrumb":{"@id":"https:\/\/rainergy.eu\/es\/politica-de-cookies\/#breadcrumb"},"inLanguage":"es","potentialAction":[{"@type":"ReadAction","target":["https:\/\/rainergy.eu\/es\/politica-de-cookies\/"]}]},{"@type":"BreadcrumbList","@id":"https:\/\/rainergy.eu\/es\/politica-de-cookies\/#breadcrumb","itemListElement":[{"@type":"ListItem","position":1,"name":"Portada","item":"https:\/\/rainergy.eu\/es\/"},{"@type":"ListItem","position":2,"name":"Pol\u00edtica de cookies"}]},{"@type":"WebSite","@id":"https:\/\/rainergy.eu\/es\/#website","url":"https:\/\/rainergy.eu\/es\/","name":"Rainergy","description":"","publisher":{"@id":"https:\/\/rainergy.eu\/es\/#organization"},"potentialAction":[{"@type":"SearchAction","target":{"@type":"EntryPoint","urlTemplate":"https:\/\/rainergy.eu\/es\/?s={search_term_string}"},"query-input":{"@type":"PropertyValueSpecification","valueRequired":true,"valueName":"search_term_string"}}],"inLanguage":"es"},{"@type":"Organization","@id":"https:\/\/rainergy.eu\/es\/#organization","name":"Rainergy","url":"https:\/\/rainergy.eu\/es\/","logo":{"@type":"ImageObject","inLanguage":"es","@id":"https:\/\/rainergy.eu\/es\/#\/schema\/logo\/image\/","url":"https:\/\/rainergy.eu\/wp-content\/uploads\/logo-rainergy-e1653316871437.png","contentUrl":"https:\/\/rainergy.eu\/wp-content\/uploads\/logo-rainergy-e1653316871437.png","width":522,"height":138,"caption":"Rainergy"},"image":{"@id":"https:\/\/rainergy.eu\/es\/#\/schema\/logo\/image\/"}}]}},"_links":{"self":[{"href":"https:\/\/rainergy.eu\/es\/wp-json\/wp\/v2\/pages\/998","targetHints":{"allow":["GET"]}}],"collection":[{"href":"https:\/\/rainergy.eu\/es\/wp-json\/wp\/v2\/pages"}],"about":[{"href":"https:\/\/rainergy.eu\/es\/wp-json\/wp\/v2\/types\/page"}],"author":[{"embeddable":true,"href":"https:\/\/rainergy.eu\/es\/wp-json\/wp\/v2\/users\/1"}],"replies":[{"embeddable":true,"href":"https:\/\/rainergy.eu\/es\/wp-json\/wp\/v2\/comments?post=998"}],"version-history":[{"count":1,"href":"https:\/\/rainergy.eu\/es\/wp-json\/wp\/v2\/pages\/998\/revisions"}],"predecessor-version":[{"id":999,"href":"https:\/\/rainergy.eu\/es\/wp-json\/wp\/v2\/pages\/998\/revisions\/999"}],"wp:attachment":[{"href":"https:\/\/rainergy.eu\/es\/wp-json\/wp\/v2\/media?parent=998"}],"curies":[{"name":"wp","href":"https:\/\/api.w.org\/{rel}","templated":true}]}}