{"id":994,"date":"2022-07-11T09:09:43","date_gmt":"2022-07-11T08:09:43","guid":{"rendered":"https:\/\/rainergy.eu\/aviso-legal\/"},"modified":"2022-08-24T21:45:16","modified_gmt":"2022-08-24T20:45:16","slug":"aviso-legal","status":"publish","type":"page","link":"https:\/\/rainergy.eu\/es\/aviso-legal\/","title":{"rendered":"Aviso legal"},"content":{"rendered":"\t\t<div data-elementor-type=\"wp-page\" data-elementor-id=\"994\" class=\"elementor elementor-994 elementor-60\" data-elementor-post-type=\"page\">\n\t\t\t\t\t\t<section class=\"elementor-section elementor-top-section elementor-element elementor-element-e03673e elementor-section-boxed elementor-section-height-default elementor-section-height-default\" data-id=\"e03673e\" data-element_type=\"section\" data-e-type=\"section\">\n\t\t\t\t\t\t<div class=\"elementor-container elementor-column-gap-default\">\n\t\t\t\t\t<div class=\"elementor-column elementor-col-100 elementor-top-column elementor-element elementor-element-0a78d71\" data-id=\"0a78d71\" data-element_type=\"column\" data-e-type=\"column\">\n\t\t\t<div class=\"elementor-widget-wrap\">\n\t\t\t\t\t\t\t<\/div>\n\t\t<\/div>\n\t\t\t\t\t<\/div>\n\t\t<\/section>\n\t\t\t\t<section class=\"elementor-section elementor-top-section elementor-element elementor-element-67e6605 elementor-section-boxed elementor-section-height-default elementor-section-height-default\" data-id=\"67e6605\" data-element_type=\"section\" data-e-type=\"section\">\n\t\t\t\t\t\t<div class=\"elementor-container elementor-column-gap-default\">\n\t\t\t\t\t<div class=\"elementor-column elementor-col-100 elementor-top-column elementor-element elementor-element-301f982\" data-id=\"301f982\" data-element_type=\"column\" data-e-type=\"column\">\n\t\t\t<div class=\"elementor-widget-wrap\">\n\t\t\t\t\t\t\t<\/div>\n\t\t<\/div>\n\t\t\t\t\t<\/div>\n\t\t<\/section>\n\t\t\t\t<section class=\"elementor-section elementor-top-section elementor-element elementor-element-8fd4cba elementor-section-boxed elementor-section-height-default elementor-section-height-default\" data-id=\"8fd4cba\" data-element_type=\"section\" data-e-type=\"section\">\n\t\t\t\t\t\t<div class=\"elementor-container elementor-column-gap-default\">\n\t\t\t\t\t<div class=\"elementor-column elementor-col-100 elementor-top-column elementor-element elementor-element-23bde38\" data-id=\"23bde38\" data-element_type=\"column\" data-e-type=\"column\">\n\t\t\t<div class=\"elementor-widget-wrap elementor-element-populated\">\n\t\t\t\t\t\t<div class=\"elementor-element elementor-element-c065e0d elementor-widget elementor-widget-heading\" data-id=\"c065e0d\" data-element_type=\"widget\" data-e-type=\"widget\" data-widget_type=\"heading.default\">\n\t\t\t\t<div class=\"elementor-widget-container\">\n\t\t\t\t\t<h2 class=\"elementor-heading-title elementor-size-default\">Aviso legal<\/h2>\t\t\t\t<\/div>\n\t\t\t\t<\/div>\n\t\t\t\t<div class=\"elementor-element elementor-element-9c5310f elementor-widget-divider--view-line elementor-widget elementor-widget-divider\" data-id=\"9c5310f\" data-element_type=\"widget\" data-e-type=\"widget\" data-widget_type=\"divider.default\">\n\t\t\t\t<div class=\"elementor-widget-container\">\n\t\t\t\t\t\t\t<div class=\"elementor-divider\">\n\t\t\t<span class=\"elementor-divider-separator\">\n\t\t\t\t\t\t<\/span>\n\t\t<\/div>\n\t\t\t\t\t\t<\/div>\n\t\t\t\t<\/div>\n\t\t\t\t\t<\/div>\n\t\t<\/div>\n\t\t\t\t\t<\/div>\n\t\t<\/section>\n\t\t\t\t<section class=\"elementor-section elementor-top-section elementor-element elementor-element-35c8078 elementor-section-boxed elementor-section-height-default elementor-section-height-default\" data-id=\"35c8078\" data-element_type=\"section\" data-e-type=\"section\">\n\t\t\t\t\t\t<div class=\"elementor-container elementor-column-gap-default\">\n\t\t\t\t\t<div class=\"elementor-column elementor-col-100 elementor-top-column elementor-element elementor-element-35599cd\" data-id=\"35599cd\" data-element_type=\"column\" data-e-type=\"column\">\n\t\t\t<div class=\"elementor-widget-wrap elementor-element-populated\">\n\t\t\t\t\t\t<div class=\"elementor-element elementor-element-cffbf59 elementor-widget elementor-widget-text-editor\" data-id=\"cffbf59\" data-element_type=\"widget\" data-e-type=\"widget\" data-widget_type=\"text-editor.default\">\n\t\t\t\t<div class=\"elementor-widget-container\">\n\t\t\t\t\t\t\t\t\t<p style=\"margin: 0cm 0cm 18pt; background-image: initial; background-position: initial; background-size: initial; background-repeat: initial; background-attachment: initial; background-origin: initial; background-clip: initial;\"><span style=\"font-size: 15pt; font-family: Arial, sans-serif;\">Rainergy, con direccion calle Hermanos Pinzon 4, 28036, Madrid, Espa\u00f1a no puede asumir ninguna responsabilidad derivada del uso incorrecto o il\u00edcito de la informaci\u00f3n aparecida en la p\u00e1gina de Internet <a href=\"http:\/\/www.rainergy.eu\/\">www.rainergy.eu<\/a><\/span><\/p>\r\n<p style=\"margin: 0cm 0cm 18pt; background-image: initial; background-position: initial; background-size: initial; background-repeat: initial; background-attachment: initial; background-origin: initial; background-clip: initial;\"><span style=\"font-size: 15pt; font-family: Arial, sans-serif;\">Con los l\u00edmites establecidos en la ley, Rainergy no asume ninguna responsabilidad de la falta de veracidad, integridad, actualizaci\u00f3n y precisi\u00f3n de los datos o informaciones que se contienen en sus p\u00e1ginas de Internet.<\/span><\/p>\r\n<p style=\"margin: 0cm 0cm 18pt; background-image: initial; background-position: initial; background-size: initial; background-repeat: initial; background-attachment: initial; background-origin: initial; background-clip: initial;\"><span style=\"font-size: 15pt; font-family: Arial, sans-serif;\">Los contenidos e informaci\u00f3n no vinculan a Rainergy ni constituyen opiniones, consejos o asesoramiento legal de ning\u00fan tipo pues se trata meramente de un servicio ofrecido con car\u00e1cter informativo y divulgativo.<\/span><\/p>\r\n<p style=\"margin: 0cm 0cm 18pt; background-image: initial; background-position: initial; background-size: initial; background-repeat: initial; background-attachment: initial; background-origin: initial; background-clip: initial;\"><span style=\"font-size: 15pt; font-family: Arial, sans-serif;\">La p\u00e1gina de internet de www.rainergy.eu puede contener enlaces (links) a otras p\u00e1ginas de terceras partes que Rainergy no puede controlar. Por lo tanto, Rainergy no puede asumir responsabilidades por el contenido que pueda aparecer en p\u00e1ginas de terceros.<\/span><\/p>\r\n<p style=\"margin: 0cm 0cm 18pt; background-image: initial; background-position: initial; background-size: initial; background-repeat: initial; background-attachment: initial; background-origin: initial; background-clip: initial;\"><span style=\"font-size: 15pt; font-family: Arial, sans-serif;\">Los textos, im\u00e1genes, sonidos, animaciones, software y el resto de contenidos inclu\u00eddos en esta p\u00e1gina web son propiedad exclusiva de Rainergy o sus licenciantes. Cualquier acto de transmisi\u00f3n, distribuci\u00f3n, cesi\u00f3n, reproducci\u00f3n, almacenamiento o comunicaci\u00f3n p\u00fablica total o parcial debe contar con el consentimiento expreso de Rainergy <\/span><\/p>\r\n<p style=\"margin: 0cm 0cm 18pt; background-image: initial; background-position: initial; background-size: initial; background-repeat: initial; background-attachment: initial; background-origin: initial; background-clip: initial;\"><span style=\"font-size: 15pt; font-family: Arial, sans-serif;\">Asimismo, para acceder a alguno de los servicios que Rainergy ofrece a trav\u00e9s del website deber\u00e1 proporcionar algunos datos de car\u00e1cter personal (nombre, tel\u00e9fono, direcci\u00f3n de correo electr\u00f3nico).<\/span><\/p>\r\n<p style=\"margin: 0cm 0cm 18pt; background-image: initial; background-position: initial; background-size: initial; background-repeat: initial; background-attachment: initial; background-origin: initial; background-clip: initial;\"><span style=\"font-size: 15pt; font-family: Arial, sans-serif;\">En cumplimiento de lo establecido en el Reglamento (UE) 2016\/679 del Parlamento y del Consejo, de 27 de abril de 2016, relativo a la protecci\u00f3n de las personas f\u00edsicas en lo que respecta al tratamiento de datos personales y a la libre circulaci\u00f3n de estos datos de informamos que, mediante la cumplimentaci\u00f3n de los presentes formularios, sus datos personales quedar\u00e1n incorporados y ser\u00e1n tratados en los ficheros de Rainergy con el fin de poderle prestar y ofrecer nuestros servicios as\u00ed como para informarle de las mejoras del sitio WEB.<\/span><\/p>\r\n<p style=\"margin-top: 0cm; background-image: initial; background-position: initial; background-size: initial; background-repeat: initial; background-attachment: initial; background-origin: initial; background-clip: initial;\"><span style=\"font-size: 15pt; font-family: Arial, sans-serif;\">Asimismo, le informamos de la posibilidad de que ejerza los derechos de acceso, rectificaci\u00f3n, cancelaci\u00f3n y oposici\u00f3n de sus datos de car\u00e1cter personal, manera gratuita mediante email a rainergy@whitesummitcap.com.<\/span><\/p>\t\t\t\t\t\t\t\t<\/div>\n\t\t\t\t<\/div>\n\t\t\t\t\t<\/div>\n\t\t<\/div>\n\t\t\t\t\t<\/div>\n\t\t<\/section>\n\t\t\t\t<\/div>\n\t\t","protected":false},"excerpt":{"rendered":"<p>Aviso legal Rainergy, con direccion calle Hermanos Pinzon 4, 28036, Madrid, Espa\u00f1a no puede asumir ninguna responsabilidad derivada del uso incorrecto o il\u00edcito de la informaci\u00f3n aparecida en la p\u00e1gina de Internet www.rainergy.eu Con los l\u00edmites establecidos en la ley, Rainergy no asume ninguna responsabilidad de la falta de veracidad, integridad, actualizaci\u00f3n y precisi\u00f3n de &#8230; <a title=\"Aviso legal\" class=\"read-more\" href=\"https:\/\/rainergy.eu\/es\/aviso-legal\/\" aria-label=\"Leer m\u00e1s sobre Aviso legal\">Leer m\u00e1s<\/a><\/p>\n","protected":false},"author":1,"featured_media":0,"parent":0,"menu_order":0,"comment_status":"closed","ping_status":"closed","template":"elementor_header_footer","meta":{"footnotes":""},"class_list":["post-994","page","type-page","status-publish"],"acf":[],"yoast_head":"<!-- This site is optimized with the Yoast SEO plugin v27.3 - https:\/\/yoast.com\/product\/yoast-seo-wordpress\/ -->\n<title>Aviso legal - Rainergy<\/title>\n<meta name=\"robots\" content=\"noindex, nofollow\" \/>\n<meta property=\"og:locale\" content=\"es_ES\" \/>\n<meta property=\"og:type\" content=\"article\" \/>\n<meta property=\"og:title\" content=\"Aviso legal - Rainergy\" \/>\n<meta property=\"og:description\" content=\"Aviso legal Rainergy, con direccion calle Hermanos Pinzon 4, 28036, Madrid, Espa\u00f1a no puede asumir ninguna responsabilidad derivada del uso incorrecto o il\u00edcito de la informaci\u00f3n aparecida en la p\u00e1gina de Internet www.rainergy.eu Con los l\u00edmites establecidos en la ley, Rainergy no asume ninguna responsabilidad de la falta de veracidad, integridad, actualizaci\u00f3n y precisi\u00f3n de ... Leer m\u00e1s\" \/>\n<meta property=\"og:url\" content=\"https:\/\/rainergy.eu\/es\/aviso-legal\/\" \/>\n<meta property=\"og:site_name\" content=\"Rainergy\" \/>\n<meta property=\"article:modified_time\" content=\"2022-08-24T20:45:16+00:00\" \/>\n<meta name=\"twitter:card\" content=\"summary_large_image\" \/>\n<meta name=\"twitter:label1\" content=\"Tiempo de lectura\" \/>\n\t<meta name=\"twitter:data1\" content=\"2 minutos\" \/>\n<script type=\"application\/ld+json\" class=\"yoast-schema-graph\">{\"@context\":\"https:\\\/\\\/schema.org\",\"@graph\":[{\"@type\":\"WebPage\",\"@id\":\"https:\\\/\\\/rainergy.eu\\\/es\\\/aviso-legal\\\/\",\"url\":\"https:\\\/\\\/rainergy.eu\\\/es\\\/aviso-legal\\\/\",\"name\":\"Aviso legal - Rainergy\",\"isPartOf\":{\"@id\":\"https:\\\/\\\/rainergy.eu\\\/es\\\/#website\"},\"datePublished\":\"2022-07-11T08:09:43+00:00\",\"dateModified\":\"2022-08-24T20:45:16+00:00\",\"breadcrumb\":{\"@id\":\"https:\\\/\\\/rainergy.eu\\\/es\\\/aviso-legal\\\/#breadcrumb\"},\"inLanguage\":\"es\",\"potentialAction\":[{\"@type\":\"ReadAction\",\"target\":[\"https:\\\/\\\/rainergy.eu\\\/es\\\/aviso-legal\\\/\"]}]},{\"@type\":\"BreadcrumbList\",\"@id\":\"https:\\\/\\\/rainergy.eu\\\/es\\\/aviso-legal\\\/#breadcrumb\",\"itemListElement\":[{\"@type\":\"ListItem\",\"position\":1,\"name\":\"Portada\",\"item\":\"https:\\\/\\\/rainergy.eu\\\/es\\\/\"},{\"@type\":\"ListItem\",\"position\":2,\"name\":\"Aviso legal\"}]},{\"@type\":\"WebSite\",\"@id\":\"https:\\\/\\\/rainergy.eu\\\/es\\\/#website\",\"url\":\"https:\\\/\\\/rainergy.eu\\\/es\\\/\",\"name\":\"Rainergy\",\"description\":\"\",\"publisher\":{\"@id\":\"https:\\\/\\\/rainergy.eu\\\/es\\\/#organization\"},\"potentialAction\":[{\"@type\":\"SearchAction\",\"target\":{\"@type\":\"EntryPoint\",\"urlTemplate\":\"https:\\\/\\\/rainergy.eu\\\/es\\\/?s={search_term_string}\"},\"query-input\":{\"@type\":\"PropertyValueSpecification\",\"valueRequired\":true,\"valueName\":\"search_term_string\"}}],\"inLanguage\":\"es\"},{\"@type\":\"Organization\",\"@id\":\"https:\\\/\\\/rainergy.eu\\\/es\\\/#organization\",\"name\":\"Rainergy\",\"url\":\"https:\\\/\\\/rainergy.eu\\\/es\\\/\",\"logo\":{\"@type\":\"ImageObject\",\"inLanguage\":\"es\",\"@id\":\"https:\\\/\\\/rainergy.eu\\\/es\\\/#\\\/schema\\\/logo\\\/image\\\/\",\"url\":\"https:\\\/\\\/rainergy.eu\\\/wp-content\\\/uploads\\\/logo-rainergy-e1653316871437.png\",\"contentUrl\":\"https:\\\/\\\/rainergy.eu\\\/wp-content\\\/uploads\\\/logo-rainergy-e1653316871437.png\",\"width\":522,\"height\":138,\"caption\":\"Rainergy\"},\"image\":{\"@id\":\"https:\\\/\\\/rainergy.eu\\\/es\\\/#\\\/schema\\\/logo\\\/image\\\/\"}}]}<\/script>\n<!-- \/ Yoast SEO plugin. -->","yoast_head_json":{"title":"Aviso legal - Rainergy","robots":{"index":"noindex","follow":"nofollow"},"og_locale":"es_ES","og_type":"article","og_title":"Aviso legal - Rainergy","og_description":"Aviso legal Rainergy, con direccion calle Hermanos Pinzon 4, 28036, Madrid, Espa\u00f1a no puede asumir ninguna responsabilidad derivada del uso incorrecto o il\u00edcito de la informaci\u00f3n aparecida en la p\u00e1gina de Internet www.rainergy.eu Con los l\u00edmites establecidos en la ley, Rainergy no asume ninguna responsabilidad de la falta de veracidad, integridad, actualizaci\u00f3n y precisi\u00f3n de ... Leer m\u00e1s","og_url":"https:\/\/rainergy.eu\/es\/aviso-legal\/","og_site_name":"Rainergy","article_modified_time":"2022-08-24T20:45:16+00:00","twitter_card":"summary_large_image","twitter_misc":{"Tiempo de lectura":"2 minutos"},"schema":{"@context":"https:\/\/schema.org","@graph":[{"@type":"WebPage","@id":"https:\/\/rainergy.eu\/es\/aviso-legal\/","url":"https:\/\/rainergy.eu\/es\/aviso-legal\/","name":"Aviso legal - Rainergy","isPartOf":{"@id":"https:\/\/rainergy.eu\/es\/#website"},"datePublished":"2022-07-11T08:09:43+00:00","dateModified":"2022-08-24T20:45:16+00:00","breadcrumb":{"@id":"https:\/\/rainergy.eu\/es\/aviso-legal\/#breadcrumb"},"inLanguage":"es","potentialAction":[{"@type":"ReadAction","target":["https:\/\/rainergy.eu\/es\/aviso-legal\/"]}]},{"@type":"BreadcrumbList","@id":"https:\/\/rainergy.eu\/es\/aviso-legal\/#breadcrumb","itemListElement":[{"@type":"ListItem","position":1,"name":"Portada","item":"https:\/\/rainergy.eu\/es\/"},{"@type":"ListItem","position":2,"name":"Aviso legal"}]},{"@type":"WebSite","@id":"https:\/\/rainergy.eu\/es\/#website","url":"https:\/\/rainergy.eu\/es\/","name":"Rainergy","description":"","publisher":{"@id":"https:\/\/rainergy.eu\/es\/#organization"},"potentialAction":[{"@type":"SearchAction","target":{"@type":"EntryPoint","urlTemplate":"https:\/\/rainergy.eu\/es\/?s={search_term_string}"},"query-input":{"@type":"PropertyValueSpecification","valueRequired":true,"valueName":"search_term_string"}}],"inLanguage":"es"},{"@type":"Organization","@id":"https:\/\/rainergy.eu\/es\/#organization","name":"Rainergy","url":"https:\/\/rainergy.eu\/es\/","logo":{"@type":"ImageObject","inLanguage":"es","@id":"https:\/\/rainergy.eu\/es\/#\/schema\/logo\/image\/","url":"https:\/\/rainergy.eu\/wp-content\/uploads\/logo-rainergy-e1653316871437.png","contentUrl":"https:\/\/rainergy.eu\/wp-content\/uploads\/logo-rainergy-e1653316871437.png","width":522,"height":138,"caption":"Rainergy"},"image":{"@id":"https:\/\/rainergy.eu\/es\/#\/schema\/logo\/image\/"}}]}},"_links":{"self":[{"href":"https:\/\/rainergy.eu\/es\/wp-json\/wp\/v2\/pages\/994","targetHints":{"allow":["GET"]}}],"collection":[{"href":"https:\/\/rainergy.eu\/es\/wp-json\/wp\/v2\/pages"}],"about":[{"href":"https:\/\/rainergy.eu\/es\/wp-json\/wp\/v2\/types\/page"}],"author":[{"embeddable":true,"href":"https:\/\/rainergy.eu\/es\/wp-json\/wp\/v2\/users\/1"}],"replies":[{"embeddable":true,"href":"https:\/\/rainergy.eu\/es\/wp-json\/wp\/v2\/comments?post=994"}],"version-history":[{"count":5,"href":"https:\/\/rainergy.eu\/es\/wp-json\/wp\/v2\/pages\/994\/revisions"}],"predecessor-version":[{"id":1402,"href":"https:\/\/rainergy.eu\/es\/wp-json\/wp\/v2\/pages\/994\/revisions\/1402"}],"wp:attachment":[{"href":"https:\/\/rainergy.eu\/es\/wp-json\/wp\/v2\/media?parent=994"}],"curies":[{"name":"wp","href":"https:\/\/api.w.org\/{rel}","templated":true}]}}