{"id":1000,"date":"2022-07-11T09:10:49","date_gmt":"2022-07-11T08:10:49","guid":{"rendered":"https:\/\/rainergy.eu\/politica-de-privacidad\/"},"modified":"2022-08-24T21:44:59","modified_gmt":"2022-08-24T20:44:59","slug":"politica-de-privacidad","status":"publish","type":"page","link":"https:\/\/rainergy.eu\/es\/politica-de-privacidad\/","title":{"rendered":"Pol\u00edtica de privacidad"},"content":{"rendered":"\t\t<div data-elementor-type=\"wp-page\" data-elementor-id=\"1000\" class=\"elementor elementor-1000 elementor-3\" data-elementor-post-type=\"page\">\n\t\t\t\t\t\t<section class=\"elementor-section elementor-top-section elementor-element elementor-element-6cb00205 elementor-section-boxed elementor-section-height-default elementor-section-height-default\" data-id=\"6cb00205\" data-element_type=\"section\" data-e-type=\"section\">\n\t\t\t\t\t\t<div class=\"elementor-container elementor-column-gap-default\">\n\t\t\t\t\t<div class=\"elementor-column elementor-col-100 elementor-top-column elementor-element elementor-element-24e1aa3b\" data-id=\"24e1aa3b\" data-element_type=\"column\" data-e-type=\"column\">\n\t\t\t<div class=\"elementor-widget-wrap\">\n\t\t\t\t\t\t\t<\/div>\n\t\t<\/div>\n\t\t\t\t\t<\/div>\n\t\t<\/section>\n\t\t\t\t<section class=\"elementor-section elementor-top-section elementor-element elementor-element-6b8f437 elementor-section-boxed elementor-section-height-default elementor-section-height-default\" data-id=\"6b8f437\" data-element_type=\"section\" data-e-type=\"section\">\n\t\t\t\t\t\t<div class=\"elementor-container elementor-column-gap-default\">\n\t\t\t\t\t<div class=\"elementor-column elementor-col-100 elementor-top-column elementor-element elementor-element-556b1d4\" data-id=\"556b1d4\" data-element_type=\"column\" data-e-type=\"column\">\n\t\t\t<div class=\"elementor-widget-wrap\">\n\t\t\t\t\t\t\t<\/div>\n\t\t<\/div>\n\t\t\t\t\t<\/div>\n\t\t<\/section>\n\t\t\t\t<section class=\"elementor-section elementor-top-section elementor-element elementor-element-11d74c5 elementor-section-boxed elementor-section-height-default elementor-section-height-default\" data-id=\"11d74c5\" data-element_type=\"section\" data-e-type=\"section\">\n\t\t\t\t\t\t<div class=\"elementor-container elementor-column-gap-default\">\n\t\t\t\t\t<div class=\"elementor-column elementor-col-100 elementor-top-column elementor-element elementor-element-67b2564\" data-id=\"67b2564\" data-element_type=\"column\" data-e-type=\"column\">\n\t\t\t<div class=\"elementor-widget-wrap elementor-element-populated\">\n\t\t\t\t\t\t<div class=\"elementor-element elementor-element-4f70ab8 elementor-widget elementor-widget-heading\" data-id=\"4f70ab8\" data-element_type=\"widget\" data-e-type=\"widget\" data-widget_type=\"heading.default\">\n\t\t\t\t<div class=\"elementor-widget-container\">\n\t\t\t\t\t<h2 class=\"elementor-heading-title elementor-size-default\">Pol\u00edtica de privacidad<\/h2>\t\t\t\t<\/div>\n\t\t\t\t<\/div>\n\t\t\t\t<div class=\"elementor-element elementor-element-c91fbd4 elementor-widget-divider--view-line elementor-widget elementor-widget-divider\" data-id=\"c91fbd4\" data-element_type=\"widget\" data-e-type=\"widget\" data-widget_type=\"divider.default\">\n\t\t\t\t<div class=\"elementor-widget-container\">\n\t\t\t\t\t\t\t<div class=\"elementor-divider\">\n\t\t\t<span class=\"elementor-divider-separator\">\n\t\t\t\t\t\t<\/span>\n\t\t<\/div>\n\t\t\t\t\t\t<\/div>\n\t\t\t\t<\/div>\n\t\t\t\t\t<\/div>\n\t\t<\/div>\n\t\t\t\t\t<\/div>\n\t\t<\/section>\n\t\t\t\t<section class=\"elementor-section elementor-top-section elementor-element elementor-element-a5537b1 elementor-section-boxed elementor-section-height-default elementor-section-height-default\" data-id=\"a5537b1\" data-element_type=\"section\" data-e-type=\"section\">\n\t\t\t\t\t\t<div class=\"elementor-container elementor-column-gap-default\">\n\t\t\t\t\t<div class=\"elementor-column elementor-col-100 elementor-top-column elementor-element elementor-element-0d80d7c\" data-id=\"0d80d7c\" data-element_type=\"column\" data-e-type=\"column\">\n\t\t\t<div class=\"elementor-widget-wrap elementor-element-populated\">\n\t\t\t\t\t\t<div class=\"elementor-element elementor-element-2f228f0 elementor-widget elementor-widget-text-editor\" data-id=\"2f228f0\" data-element_type=\"widget\" data-e-type=\"widget\" data-widget_type=\"text-editor.default\">\n\t\t\t\t<div class=\"elementor-widget-container\">\n\t\t\t\t\t\t\t\t\t<div data-elementor-type=\"wp-page\" data-elementor-id=\"3\"><section data-id=\"6bb3329\" data-element_type=\"section\">\r\n<div data-id=\"6d6c27d\" data-element_type=\"column\">\r\n<div data-id=\"3b3ac07\" data-element_type=\"widget\" data-widget_type=\"text-editor.default\">\r\n\r\nEn cumplimiento del Reglamento (UE) 2016\/679 del Parlamento Europeo y del Consejo, de 27 de abril de 2016, relativo a la protecci\u00f3n de las personas f\u00edsicas en lo que respecta al tratamiento de datos personales, por el que se deroga la directiva 95\/46\/CE (en adelante, RGPD), de la Ley 34\/2002, de 11 de julio, de servicios de la sociedad de la informaci\u00f3n y de comercio electr\u00f3nico (en adelante, LSSI-CE) y de la Ley Org\u00e1nica 3\/2018, de Protecci\u00f3n de Datos Personales y garant\u00eda de los derechos digitales, Rainergy, garantiza la protecci\u00f3n y confidencialidad de los datos personales, de cualquier tipo que nos proporcionen nuestros clientes, de acuerdo con lo dispuesto en el Reglamento General de Protecci\u00f3n de Datos de Car\u00e1cter Personal.\r\n<h2>Responsable del tratamiento:<\/h2>\r\n<ul>\r\n \t<li>Denominaci\u00f3n: Rainergy SL<\/li>\r\n \t<li>Direcci\u00f3n: calle Hermanos Pinzon 4, 28036, Madrid, Espa\u00f1a<\/li>\r\n \t<li>Correo electr\u00f3nico: rainergy@whitesummitcap.com<\/li>\r\n<\/ul>\r\n<div><\/div>\r\n<h2>Finalidad del tratamiento de los datos personales:<\/h2>\r\nEn Rainergy trataremos tus datos personales recabados a trav\u00e9s del Sitio Web con las siguientes finalidades:\r\n\r\n1. En caso de contrataci\u00f3n de los bienes y servicios ofertados a trav\u00e9s de gestoriamadridnorte.com, para mantener la relaci\u00f3n contractual, as\u00ed como la gesti\u00f3n, administraci\u00f3n, informaci\u00f3n, prestaci\u00f3n y mejora del servicio.\r\n\r\n2. Env\u00edo de informaci\u00f3n solicitada a trav\u00e9s de los formularios dispuestos en Rainergy.eu\r\n\r\n3. Remitir comunicaciones comerciales de promociones y\/o publicidad de Rainergy. Te recordamos que puedes oponerte al env\u00edo de comunicaciones comerciales por cualquier v\u00eda y en cualquier momento, remitiendo un correo electr\u00f3nico a la direcci\u00f3n indicada anteriormente. Los campos de dichos registros son de cumplimentaci\u00f3n obligatoria, siendo imposible realizar las finalidades expresadas si no se aportan esos datos.\r\n<h2>\u00bfDurante cu\u00e1nto tiempo se conservan los datos personales?<\/h2>\r\nLos datos personales proporcionados se conservar\u00e1n mientras se mantenga la relaci\u00f3n comercial o no solicites su supresi\u00f3n y durante el plazo por el cu\u00e1l pudieran derivarse responsabilidades legales por los servicios prestados.\r\n<h2>Legitimaci\u00f3n:<\/h2>\r\nEl tratamiento de tus datos se realiza con las siguientes bases jur\u00eddicas que legitiman el mismo:\r\n\r\n1. La solicitud de informaci\u00f3n y\/o la contrataci\u00f3n de los servicios de Rainergy.eu, cuyos t\u00e9rminos y condiciones se pondr\u00e1n a tu disposici\u00f3n en todo caso, de forma previa a una eventual contrataci\u00f3n.\r\n\r\n2. El consentimiento libre, espec\u00edfico, informado e inequ\u00edvoco, en tanto que te informamos poniendo a tu disposici\u00f3n la presente pol\u00edtica de privacidad, que tras la lectura de la misma, en caso de estar conforme, puedes aceptar mediante una declaraci\u00f3n o una clara acci\u00f3n afirmativa, como el marcado de una casilla dispuesta al efecto. En caso de que no nos facilites tus datos o lo hagas de forma err\u00f3nea o incompleta, no podremos atender tu solicitud, resultando del todo imposible proporcionarte la informaci\u00f3n solicitada o llevar a cabo la contrataci\u00f3n de los servicios.\r\n<h2>Destinatarios:<\/h2>\r\nLos datos no se comunicar\u00e1n a ning\u00fan tercero ajeno, salvo obligaci\u00f3n legal.\r\n<h2>Derechos de propiedad intelectual<\/h2>\r\nRainergy\u00a0es titular de todos los derechos de autor, propiedad intelectual, industrial, \u00abknow how\u00bb y cuantos otros derechos guardan relaci\u00f3n con los contenidos del sitio web y los servicios ofertados en el mismo.\r\n<h2>Comunicaciones comerciales<\/h2>\r\nEn aplicaci\u00f3n de la LSSI, Rainergy no enviar\u00e1 comunicaciones publicitarias o promocionales por correo electr\u00f3nico u otro medio de comunicaci\u00f3n electr\u00f3nica equivalente que previamente no hubieran sido solicitadas o expresamente autorizadas por los destinatarios de las mismas.\r\n\r\n<\/div>\r\n<\/div>\r\n<\/section><\/div>\t\t\t\t\t\t\t\t<\/div>\n\t\t\t\t<\/div>\n\t\t\t\t\t<\/div>\n\t\t<\/div>\n\t\t\t\t\t<\/div>\n\t\t<\/section>\n\t\t\t\t<\/div>\n\t\t","protected":false},"excerpt":{"rendered":"<p>Pol\u00edtica de privacidad En cumplimiento del Reglamento (UE) 2016\/679 del Parlamento Europeo y del Consejo, de 27 de abril de 2016, relativo a la protecci\u00f3n de las personas f\u00edsicas en lo que respecta al tratamiento de datos personales, por el que se deroga la directiva 95\/46\/CE (en adelante, RGPD), de la Ley 34\/2002, de 11 &#8230; <a title=\"Pol\u00edtica de privacidad\" class=\"read-more\" href=\"https:\/\/rainergy.eu\/es\/politica-de-privacidad\/\" aria-label=\"Leer m\u00e1s sobre Pol\u00edtica de privacidad\">Leer m\u00e1s<\/a><\/p>\n","protected":false},"author":1,"featured_media":0,"parent":0,"menu_order":0,"comment_status":"closed","ping_status":"open","template":"elementor_header_footer","meta":{"footnotes":""},"class_list":["post-1000","page","type-page","status-publish"],"acf":[],"yoast_head":"<!-- This site is optimized with the Yoast SEO plugin v27.3 - https:\/\/yoast.com\/product\/yoast-seo-wordpress\/ -->\n<title>Pol\u00edtica de privacidad - Rainergy<\/title>\n<meta name=\"robots\" content=\"noindex, follow\" \/>\n<meta property=\"og:locale\" content=\"es_ES\" \/>\n<meta property=\"og:type\" content=\"article\" \/>\n<meta property=\"og:title\" content=\"Pol\u00edtica de privacidad - Rainergy\" \/>\n<meta property=\"og:description\" content=\"Pol\u00edtica de privacidad En cumplimiento del Reglamento (UE) 2016\/679 del Parlamento Europeo y del Consejo, de 27 de abril de 2016, relativo a la protecci\u00f3n de las personas f\u00edsicas en lo que respecta al tratamiento de datos personales, por el que se deroga la directiva 95\/46\/CE (en adelante, RGPD), de la Ley 34\/2002, de 11 ... Leer m\u00e1s\" \/>\n<meta property=\"og:url\" content=\"https:\/\/rainergy.eu\/es\/politica-de-privacidad\/\" \/>\n<meta property=\"og:site_name\" content=\"Rainergy\" \/>\n<meta property=\"article:modified_time\" content=\"2022-08-24T20:44:59+00:00\" \/>\n<meta name=\"twitter:card\" content=\"summary_large_image\" \/>\n<meta name=\"twitter:label1\" content=\"Tiempo de lectura\" \/>\n\t<meta name=\"twitter:data1\" content=\"3 minutos\" \/>\n<script type=\"application\/ld+json\" class=\"yoast-schema-graph\">{\"@context\":\"https:\\\/\\\/schema.org\",\"@graph\":[{\"@type\":\"WebPage\",\"@id\":\"https:\\\/\\\/rainergy.eu\\\/es\\\/politica-de-privacidad\\\/\",\"url\":\"https:\\\/\\\/rainergy.eu\\\/es\\\/politica-de-privacidad\\\/\",\"name\":\"Pol\u00edtica de privacidad - Rainergy\",\"isPartOf\":{\"@id\":\"https:\\\/\\\/rainergy.eu\\\/es\\\/#website\"},\"datePublished\":\"2022-07-11T08:10:49+00:00\",\"dateModified\":\"2022-08-24T20:44:59+00:00\",\"breadcrumb\":{\"@id\":\"https:\\\/\\\/rainergy.eu\\\/es\\\/politica-de-privacidad\\\/#breadcrumb\"},\"inLanguage\":\"es\",\"potentialAction\":[{\"@type\":\"ReadAction\",\"target\":[\"https:\\\/\\\/rainergy.eu\\\/es\\\/politica-de-privacidad\\\/\"]}]},{\"@type\":\"BreadcrumbList\",\"@id\":\"https:\\\/\\\/rainergy.eu\\\/es\\\/politica-de-privacidad\\\/#breadcrumb\",\"itemListElement\":[{\"@type\":\"ListItem\",\"position\":1,\"name\":\"Portada\",\"item\":\"https:\\\/\\\/rainergy.eu\\\/es\\\/\"},{\"@type\":\"ListItem\",\"position\":2,\"name\":\"Pol\u00edtica de privacidad\"}]},{\"@type\":\"WebSite\",\"@id\":\"https:\\\/\\\/rainergy.eu\\\/es\\\/#website\",\"url\":\"https:\\\/\\\/rainergy.eu\\\/es\\\/\",\"name\":\"Rainergy\",\"description\":\"\",\"publisher\":{\"@id\":\"https:\\\/\\\/rainergy.eu\\\/es\\\/#organization\"},\"potentialAction\":[{\"@type\":\"SearchAction\",\"target\":{\"@type\":\"EntryPoint\",\"urlTemplate\":\"https:\\\/\\\/rainergy.eu\\\/es\\\/?s={search_term_string}\"},\"query-input\":{\"@type\":\"PropertyValueSpecification\",\"valueRequired\":true,\"valueName\":\"search_term_string\"}}],\"inLanguage\":\"es\"},{\"@type\":\"Organization\",\"@id\":\"https:\\\/\\\/rainergy.eu\\\/es\\\/#organization\",\"name\":\"Rainergy\",\"url\":\"https:\\\/\\\/rainergy.eu\\\/es\\\/\",\"logo\":{\"@type\":\"ImageObject\",\"inLanguage\":\"es\",\"@id\":\"https:\\\/\\\/rainergy.eu\\\/es\\\/#\\\/schema\\\/logo\\\/image\\\/\",\"url\":\"https:\\\/\\\/rainergy.eu\\\/wp-content\\\/uploads\\\/logo-rainergy-e1653316871437.png\",\"contentUrl\":\"https:\\\/\\\/rainergy.eu\\\/wp-content\\\/uploads\\\/logo-rainergy-e1653316871437.png\",\"width\":522,\"height\":138,\"caption\":\"Rainergy\"},\"image\":{\"@id\":\"https:\\\/\\\/rainergy.eu\\\/es\\\/#\\\/schema\\\/logo\\\/image\\\/\"}}]}<\/script>\n<!-- \/ Yoast SEO plugin. -->","yoast_head_json":{"title":"Pol\u00edtica de privacidad - Rainergy","robots":{"index":"noindex","follow":"follow"},"og_locale":"es_ES","og_type":"article","og_title":"Pol\u00edtica de privacidad - Rainergy","og_description":"Pol\u00edtica de privacidad En cumplimiento del Reglamento (UE) 2016\/679 del Parlamento Europeo y del Consejo, de 27 de abril de 2016, relativo a la protecci\u00f3n de las personas f\u00edsicas en lo que respecta al tratamiento de datos personales, por el que se deroga la directiva 95\/46\/CE (en adelante, RGPD), de la Ley 34\/2002, de 11 ... Leer m\u00e1s","og_url":"https:\/\/rainergy.eu\/es\/politica-de-privacidad\/","og_site_name":"Rainergy","article_modified_time":"2022-08-24T20:44:59+00:00","twitter_card":"summary_large_image","twitter_misc":{"Tiempo de lectura":"3 minutos"},"schema":{"@context":"https:\/\/schema.org","@graph":[{"@type":"WebPage","@id":"https:\/\/rainergy.eu\/es\/politica-de-privacidad\/","url":"https:\/\/rainergy.eu\/es\/politica-de-privacidad\/","name":"Pol\u00edtica de privacidad - Rainergy","isPartOf":{"@id":"https:\/\/rainergy.eu\/es\/#website"},"datePublished":"2022-07-11T08:10:49+00:00","dateModified":"2022-08-24T20:44:59+00:00","breadcrumb":{"@id":"https:\/\/rainergy.eu\/es\/politica-de-privacidad\/#breadcrumb"},"inLanguage":"es","potentialAction":[{"@type":"ReadAction","target":["https:\/\/rainergy.eu\/es\/politica-de-privacidad\/"]}]},{"@type":"BreadcrumbList","@id":"https:\/\/rainergy.eu\/es\/politica-de-privacidad\/#breadcrumb","itemListElement":[{"@type":"ListItem","position":1,"name":"Portada","item":"https:\/\/rainergy.eu\/es\/"},{"@type":"ListItem","position":2,"name":"Pol\u00edtica de privacidad"}]},{"@type":"WebSite","@id":"https:\/\/rainergy.eu\/es\/#website","url":"https:\/\/rainergy.eu\/es\/","name":"Rainergy","description":"","publisher":{"@id":"https:\/\/rainergy.eu\/es\/#organization"},"potentialAction":[{"@type":"SearchAction","target":{"@type":"EntryPoint","urlTemplate":"https:\/\/rainergy.eu\/es\/?s={search_term_string}"},"query-input":{"@type":"PropertyValueSpecification","valueRequired":true,"valueName":"search_term_string"}}],"inLanguage":"es"},{"@type":"Organization","@id":"https:\/\/rainergy.eu\/es\/#organization","name":"Rainergy","url":"https:\/\/rainergy.eu\/es\/","logo":{"@type":"ImageObject","inLanguage":"es","@id":"https:\/\/rainergy.eu\/es\/#\/schema\/logo\/image\/","url":"https:\/\/rainergy.eu\/wp-content\/uploads\/logo-rainergy-e1653316871437.png","contentUrl":"https:\/\/rainergy.eu\/wp-content\/uploads\/logo-rainergy-e1653316871437.png","width":522,"height":138,"caption":"Rainergy"},"image":{"@id":"https:\/\/rainergy.eu\/es\/#\/schema\/logo\/image\/"}}]}},"_links":{"self":[{"href":"https:\/\/rainergy.eu\/es\/wp-json\/wp\/v2\/pages\/1000","targetHints":{"allow":["GET"]}}],"collection":[{"href":"https:\/\/rainergy.eu\/es\/wp-json\/wp\/v2\/pages"}],"about":[{"href":"https:\/\/rainergy.eu\/es\/wp-json\/wp\/v2\/types\/page"}],"author":[{"embeddable":true,"href":"https:\/\/rainergy.eu\/es\/wp-json\/wp\/v2\/users\/1"}],"replies":[{"embeddable":true,"href":"https:\/\/rainergy.eu\/es\/wp-json\/wp\/v2\/comments?post=1000"}],"version-history":[{"count":4,"href":"https:\/\/rainergy.eu\/es\/wp-json\/wp\/v2\/pages\/1000\/revisions"}],"predecessor-version":[{"id":1400,"href":"https:\/\/rainergy.eu\/es\/wp-json\/wp\/v2\/pages\/1000\/revisions\/1400"}],"wp:attachment":[{"href":"https:\/\/rainergy.eu\/es\/wp-json\/wp\/v2\/media?parent=1000"}],"curies":[{"name":"wp","href":"https:\/\/api.w.org\/{rel}","templated":true}]}}